{"id":1538,"date":"2018-09-10T12:46:43","date_gmt":"2018-09-10T12:46:43","guid":{"rendered":"http:\/\/law-firm.bold-themes.com\/master-import\/?page_id=7"},"modified":"2025-06-17T16:32:44","modified_gmt":"2025-06-17T16:32:44","slug":"home","status":"publish","type":"page","link":"https:\/\/www.labsl.com.br\/kids\/","title":{"rendered":"Home"},"content":{"rendered":"<section id=\"bt_bb_section69f3771388cf8\" class=\"bt_bb_section bt_bb_color_scheme_8 bt_bb_layout_wide bt_bb_vertical_align_top bt_bb_bottom_section_coverage_image bt_bb_section_with_bottom_coverage_image bt_bb_top_spacing_large bt_bb_bottom_spacing_large bt_bb_section_allow_content_outside\" style=\"; --section-primary-color:#1f3b64; --section-secondary-color:#ffffff;\" data-bt-override-class=\"null\"><div class=\"bt_bb_background_image_holder_wrapper\"><div class=\"bt_bb_background_image_holder bt_bb_parallax\"  data-parallax=\"0.7\" data-parallax-offset=\"0\" data-parallax-zoom-start=\"1\" data-parallax-zoom-end=\"1\" data-parallax-blur-start=\"0\" data-parallax-blur-end=\"0\" data-parallax-opacity-start=\"1\" data-parallax-opacity-end=\"1\" style=\" background-image:url(&#039;https:\/\/www.labsl.com.br\/kids\/wp-content\/uploads\/2024\/03\/bebe.jpg&#039;);\"><\/div><\/div><div class=\"bt_bb_port\"><div class=\"bt_bb_cell\"><div class=\"bt_bb_cell_inner\"><div class=\"bt_bb_row_wrapper bt_bb_row_push_right bt_bb_content_wide bt_bb_row_width_boxed_1200\"><div  class=\"bt_bb_row bt_bb_column_gap_0\"  data-bt-override-class=\"{}\"><div  class=\"bt_bb_column col-xxl-6 col-xl-6 bt_bb_vertical_align_middle bt_bb_align_left bt_bb_padding_normal bt_bb_animation_fade_in animate\"  data-width=\"6\" data-bt-override-class=\"{}\"><div class=\"bt_bb_column_content\"><div class=\"bt_bb_column_content_inner\"><header class=\"bt_bb_headline bt_bb_dash_bottom bt_bb_size_large bt_bb_align_inherit\" data-bt-override-class=\"{}\"><h2 class=\"bt_bb_headline_tag\"><span class=\"bt_bb_headline_content\"><span>Laborat\u00f3rio com espa\u00e7o dedicado as <strong>crian\u00e7as<\/strong><\/span><\/span><\/h2><\/header><div class=\"bt_bb_separator bt_bb_border_style_none bt_bb_border_color_none bt_bb_bottom_spacing_small\" data-bt-override-class=\"null\"><\/div><div class=\"bt_bb_icon bt_bb_color_scheme_11 bt_bb_style_borderless bt_bb_size_small bt_bb_shape_circle bt_bb_target_self bt_bb_align_inherit bt_bb_text_size_normal bt_bb_font_weight_semi-bold btWithText\" style=\"; --primary-color:#d3899d; --secondary-color:#1f3b64;\" data-bt-override-class=\"{}\"><span  data-ico-fontawesome=\"&#xf058;\" class=\"bt_bb_icon_holder\"><span>Ambiente l\u00fadico e com brinquedoteca<\/span><\/span><\/div><div class=\"bt_bb_separator bt_bb_border_style_none bt_bb_bottom_spacing_small\" data-bt-override-class=\"null\"><\/div><div class=\"bt_bb_icon bt_bb_color_scheme_11 bt_bb_style_borderless bt_bb_size_small bt_bb_shape_circle bt_bb_target_self bt_bb_align_inherit bt_bb_text_size_normal bt_bb_font_weight_semi-bold btWithText\" style=\"; --primary-color:#d3899d; --secondary-color:#1f3b64;\" data-bt-override-class=\"{}\"><span  data-ico-fontawesome=\"&#xf058;\" class=\"bt_bb_icon_holder\"><span>Atendimento especializado em crian\u00e7as<\/span><\/span><\/div><div class=\"bt_bb_separator bt_bb_border_style_none bt_bb_bottom_spacing_small\" data-bt-override-class=\"null\"><\/div><div class=\"bt_bb_icon bt_bb_color_scheme_11 bt_bb_style_borderless bt_bb_size_small bt_bb_shape_circle bt_bb_target_self bt_bb_align_inherit bt_bb_text_size_normal bt_bb_font_weight_semi-bold btWithText\" style=\"; --primary-color:#d3899d; --secondary-color:#1f3b64;\" data-bt-override-class=\"{}\"><span  data-ico-fontawesome=\"&#xf058;\" class=\"bt_bb_icon_holder\"><span>Dispositivo para reduzir a dor da picada da agulha<\/span><\/span><\/div><div class=\"bt_bb_separator bt_bb_border_style_none bt_bb_border_color_none bt_bb_bottom_spacing_medium\" data-bt-override-class=\"null\"><\/div><div data-bb-version=\"4.8.8\" class=\"bt_bb_button bt_bb_color_scheme_11 bt_bb_icon_position_left bt_bb_style_filled bt_bb_size_normal bt_bb_width_inline bt_bb_shape_inherit bt_bb_target_blank bt_bb_text_transform_inherit bt_bb_align_inherit\" style=\"; --primary-color:#d3899d; --secondary-color:#1f3b64;\" data-bt-override-class=\"{&quot;bt_bb_size_&quot;:{&quot;current_class&quot;:&quot;bt_bb_size_normal&quot;,&quot;xxl&quot;:&quot;normal&quot;},&quot;bt_bb_align_&quot;:{&quot;current_class&quot;:&quot;bt_bb_align_inherit&quot;,&quot;xxl&quot;:&quot;inherit&quot;}}\"><a href=\"https:\/\/wa.me\/+554635235101?text=Ol%C3%A1%2C%20vim%20do%20site%20S%C3%A3o%20Lucas%20KIDS%20e%20gostaria%20de%20realizar%20um%20agendamento\" target=\"_blank\" class=\"bt_bb_link\" title=\"AGENDAMENTO\"><span class=\"bt_bb_button_text\" >AGENDAMENTO<\/span><span  data-ico-fontawesome5solid=\"&#xf274;\" class=\"bt_bb_icon_holder\"><\/span><\/a><\/div><div data-bb-version=\"4.8.8\" class=\"bt_bb_button bt_bb_color_scheme_11 bt_bb_icon_position_left bt_bb_style_filled bt_bb_size_normal bt_bb_width_inline bt_bb_shape_inherit bt_bb_target_self bt_bb_text_transform_inherit bt_bb_align_inherit\" style=\"; --primary-color:#d3899d; --secondary-color:#1f3b64;\" data-bt-override-class=\"{&quot;bt_bb_size_&quot;:{&quot;current_class&quot;:&quot;bt_bb_size_normal&quot;,&quot;xxl&quot;:&quot;normal&quot;},&quot;bt_bb_align_&quot;:{&quot;current_class&quot;:&quot;bt_bb_align_inherit&quot;,&quot;xxl&quot;:&quot;inherit&quot;}}\"><a href=\"https:\/\/www.labsl.com.br\/kids\/vacinas\" target=\"_self\" class=\"bt_bb_link\" title=\"VACINAS\"><span class=\"bt_bb_button_text\" >VACINAS<\/span><span  data-ico-chemistry=\"&#xf11e;\" class=\"bt_bb_icon_holder\"><\/span><\/a><\/div><div data-bb-version=\"4.8.8\" class=\"bt_bb_button bt_bb_color_scheme_11 bt_bb_icon_position_left bt_bb_style_filled bt_bb_size_normal bt_bb_width_inline bt_bb_shape_inherit bt_bb_target_self bt_bb_text_transform_inherit bt_bb_align_inherit\" style=\"; --primary-color:#d3899d; --secondary-color:#1f3b64;\" data-bt-override-class=\"{&quot;bt_bb_size_&quot;:{&quot;current_class&quot;:&quot;bt_bb_size_normal&quot;,&quot;xxl&quot;:&quot;normal&quot;},&quot;bt_bb_align_&quot;:{&quot;current_class&quot;:&quot;bt_bb_align_inherit&quot;,&quot;xxl&quot;:&quot;inherit&quot;}}\"><a href=\"https:\/\/www.labsl.com.br\/kids\/pezinho\" target=\"_self\" class=\"bt_bb_link\" title=\"TESTE DO P\u00c9ZINHO\"><span class=\"bt_bb_button_text\" >TESTE DO P\u00c9ZINHO<\/span><span  data-ico-chemistry=\"&#xf106;\" class=\"bt_bb_icon_holder\"><\/span><\/a><\/div><div class=\"bt_bb_separator bt_bb_border_style_none bt_bb_border_color_none bt_bb_bottom_spacing_large\" data-bt-override-class=\"null\"><\/div><\/div><\/div><\/div><div  class=\"bt_bb_column col-xxl-6 col-xl-6 bt_bb_vertical_align_top bt_bb_align_left bt_bb_padding_normal\"  data-width=\"6\" data-bt-override-class=\"{}\"><div class=\"bt_bb_column_content\"><div class=\"bt_bb_column_content_inner\"><\/div><\/div><\/div><\/div><\/div><\/div><!-- cell_inner --><\/div><!-- cell --><\/div><!-- port --><div class=\"bt_bb_section_bottom_section_coverage_image\"><img decoding=\"async\" src=\"https:\/\/www.labsl.com.br\/kids\/wp-content\/uploads\/2020\/06\/cover_bottom_gray_noshadow_01.png\" alt=\"bt_bb_section_bottom_section_coverage_image\" \/><\/div><\/section><section id=\"bt_bb_section69f37713893d8\" class=\"bt_bb_section bt_bb_color_scheme_15 bt_bb_layout_boxed_1200 bt_bb_vertical_align_top bt_bb_background_overlay_light_bottom_gradient bt_bb_bottom_spacing_normal\" style=\"z-index: 2;; --section-primary-color:#1f3b64; --section-secondary-color:#eaeef3;\" data-bt-override-class=\"null\"><div class=\"bt_bb_port\"><div class=\"bt_bb_cell\"><div class=\"bt_bb_cell_inner\"><div class=\"bt_bb_row_wrapper\"><div  class=\"bt_bb_row\"  data-bt-override-class=\"{}\"><div  class=\"bt_bb_column col-xxl-12 col-xl-12 bt_bb_vertical_align_top bt_bb_align_center bt_bb_padding_normal bt_bb_animation_fade_in animate\"  data-width=\"12\" data-bt-override-class=\"{}\"><div class=\"bt_bb_column_content\"><div class=\"bt_bb_column_content_inner\"><div data-bb-version=\"4.8.8\" class=\"bt_bb_separator bt_bb_border_style_none bt_bb_border_color_none bt_bb_top_spacing_none bt_bb_bottom_spacing_medium\" data-bt-override-class=\"{&quot;bt_bb_top_spacing_&quot;:{&quot;current_class&quot;:&quot;bt_bb_top_spacing_none&quot;,&quot;xxl&quot;:&quot;none&quot;},&quot;bt_bb_bottom_spacing_&quot;:{&quot;current_class&quot;:&quot;bt_bb_bottom_spacing_medium&quot;,&quot;xxl&quot;:&quot;medium&quot;}}\"><\/div><header data-bb-version=\"4.8.8\" class=\"bt_bb_headline bt_bb_subheadline_text_transform_default bt_bb_dash_top bt_bb_superheadline bt_bb_subheadline bt_bb_size_normal bt_bb_align_inherit\" data-bt-override-class=\"{&quot;bt_bb_size_&quot;:{&quot;current_class&quot;:&quot;bt_bb_size_normal&quot;,&quot;xxl&quot;:&quot;normal&quot;},&quot;bt_bb_align_&quot;:{&quot;current_class&quot;:&quot;bt_bb_align_inherit&quot;,&quot;xxl&quot;:&quot;inherit&quot;}}\"><h3 class=\"bt_bb_headline_tag\"><span class=\"bt_bb_headline_superheadline\">Estrutura<\/span><span class=\"bt_bb_headline_content\"><span>S\u00e3o Lucas KIDS - Francisco Beltr\u00e3o<\/span><\/span><\/h3><div class=\"bt_bb_headline_subheadline\">Exames laboratoriais e vacinas.<\/div><\/header><div data-bb-version=\"4.8.8\" class=\"bt_bb_separator bt_bb_border_style_none bt_bb_border_color_none bt_bb_top_spacing_none bt_bb_bottom_spacing_medium\" data-bt-override-class=\"{&quot;bt_bb_top_spacing_&quot;:{&quot;current_class&quot;:&quot;bt_bb_top_spacing_none&quot;,&quot;xxl&quot;:&quot;none&quot;},&quot;bt_bb_bottom_spacing_&quot;:{&quot;current_class&quot;:&quot;bt_bb_bottom_spacing_medium&quot;,&quot;xxl&quot;:&quot;medium&quot;}}\"><\/div><div data-bb-version=\"4.8.8\" class=\"bt_bb_css_image_grid bt_bb_columns_3 bt_bb_gap_small bt_bb_shape_round\" data-columns=\"3\"><div class=\"bt_bb_css_image_grid_content\"><div class=\"bt_bb_css_image_grid_item bt_bb_tile_format_21\" data-src-full=\"https:\/\/www.labsl.com.br\/kids\/wp-content\/uploads\/2024\/04\/kids0000-1.jpg\" title=\"kids0000\"><div class=\"bt_bb_css_image_grid_item_inner\"><div class=\"bt_bb_css_image_grid_item_inner_image\"><img decoding=\"async\" src=\"https:\/\/www.labsl.com.br\/kids\/wp-content\/uploads\/2024\/04\/kids0000-1.jpg\" data-src-full=\"https:\/\/www.labsl.com.br\/kids\/wp-content\/uploads\/2024\/04\/kids0000-1.jpg\" title=\"kids0000\" alt=\"kids0000\"\/><\/div><div class=\"bt_bb_css_image_grid_item_inner_content\"><\/div><\/div><\/div><div class=\"bt_bb_css_image_grid_item bt_bb_tile_format_11\" data-src-full=\"https:\/\/www.labsl.com.br\/kids\/wp-content\/uploads\/2024\/04\/kids0004.jpg\" title=\"kids0004\"><div class=\"bt_bb_css_image_grid_item_inner\"><div class=\"bt_bb_css_image_grid_item_inner_image\"><img decoding=\"async\" src=\"https:\/\/www.labsl.com.br\/kids\/wp-content\/uploads\/2024\/04\/kids0004.jpg\" data-src-full=\"https:\/\/www.labsl.com.br\/kids\/wp-content\/uploads\/2024\/04\/kids0004.jpg\" title=\"kids0004\" alt=\"kids0004\"\/><\/div><div class=\"bt_bb_css_image_grid_item_inner_content\"><\/div><\/div><\/div><div class=\"bt_bb_css_image_grid_item bt_bb_tile_format_11\" data-src-full=\"https:\/\/www.labsl.com.br\/kids\/wp-content\/uploads\/2024\/04\/kids0001.jpg\" title=\"kids0001\"><div class=\"bt_bb_css_image_grid_item_inner\"><div class=\"bt_bb_css_image_grid_item_inner_image\"><img decoding=\"async\" src=\"https:\/\/www.labsl.com.br\/kids\/wp-content\/uploads\/2024\/04\/kids0001.jpg\" data-src-full=\"https:\/\/www.labsl.com.br\/kids\/wp-content\/uploads\/2024\/04\/kids0001.jpg\" title=\"kids0001\" alt=\"kids0001\"\/><\/div><div class=\"bt_bb_css_image_grid_item_inner_content\"><\/div><\/div><\/div><div class=\"bt_bb_css_image_grid_item bt_bb_tile_format_11\" data-src-full=\"https:\/\/www.labsl.com.br\/kids\/wp-content\/uploads\/2024\/04\/kids0002.jpg\" title=\"kids0002\"><div class=\"bt_bb_css_image_grid_item_inner\"><div class=\"bt_bb_css_image_grid_item_inner_image\"><img decoding=\"async\" src=\"https:\/\/www.labsl.com.br\/kids\/wp-content\/uploads\/2024\/04\/kids0002.jpg\" data-src-full=\"https:\/\/www.labsl.com.br\/kids\/wp-content\/uploads\/2024\/04\/kids0002.jpg\" title=\"kids0002\" alt=\"kids0002\"\/><\/div><div class=\"bt_bb_css_image_grid_item_inner_content\"><\/div><\/div><\/div><div class=\"bt_bb_css_image_grid_item bt_bb_tile_format_11\" data-src-full=\"https:\/\/www.labsl.com.br\/kids\/wp-content\/uploads\/2024\/04\/kids0005.jpg\" title=\"kids0005\"><div class=\"bt_bb_css_image_grid_item_inner\"><div class=\"bt_bb_css_image_grid_item_inner_image\"><img decoding=\"async\" src=\"https:\/\/www.labsl.com.br\/kids\/wp-content\/uploads\/2024\/04\/kids0005.jpg\" data-src-full=\"https:\/\/www.labsl.com.br\/kids\/wp-content\/uploads\/2024\/04\/kids0005.jpg\" title=\"kids0005\" alt=\"kids0005\"\/><\/div><div class=\"bt_bb_css_image_grid_item_inner_content\"><\/div><\/div><\/div><\/div><\/div><div class=\"bt_bb_floating_image bt_bb_shape_square bt_bb_floating_image_horizontal_position_left bt_bb_floating_image_vertical_position_top bt_bb_floating_image_animation_delay_default bt_bb_floating_image_animation_duration_4000 bt_bb_floating_image_animation_style_ease_out bt_bb_hidden_xs bt_bb_hidden_ms bt_bb_hidden_sm\" style=\"left: -17em; top: -12em;\" data-speed=\"1.0\"><div class=\"bt_bb_floating_image_image\" data-speed=\"1.0\"><div class=\"bt_bb_image bt_bb_shape_square\" data-bt-override-class=\"{}\"><span><img decoding=\"async\" src=\"https:\/\/www.labsl.com.br\/kids\/wp-content\/uploads\/2020\/06\/large_blue_triangle_03.png\" data-full_image_src=\"https:\/\/www.labsl.com.br\/kids\/wp-content\/uploads\/2020\/06\/large_blue_triangle_03.png\"  title=\"NovaLab\" alt=\"https:\/\/www.labsl.com.br\/kids\/wp-content\/uploads\/2020\/06\/large_blue_triangle_03.png\"><\/span><\/div><\/div><\/div><div data-bb-version=\"4.8.8\" class=\"bt_bb_separator bt_bb_border_style_none bt_bb_border_color_none bt_bb_top_spacing_none bt_bb_bottom_spacing_medium\" data-bt-override-class=\"{&quot;bt_bb_top_spacing_&quot;:{&quot;current_class&quot;:&quot;bt_bb_top_spacing_none&quot;,&quot;xxl&quot;:&quot;none&quot;},&quot;bt_bb_bottom_spacing_&quot;:{&quot;current_class&quot;:&quot;bt_bb_bottom_spacing_medium&quot;,&quot;xxl&quot;:&quot;medium&quot;}}\"><\/div><header data-bb-version=\"4.8.8\" class=\"bt_bb_headline bt_bb_subheadline_text_transform_default bt_bb_dash_top bt_bb_size_normal bt_bb_align_inherit\" data-bt-override-class=\"{&quot;bt_bb_size_&quot;:{&quot;current_class&quot;:&quot;bt_bb_size_normal&quot;,&quot;xxl&quot;:&quot;normal&quot;},&quot;bt_bb_align_&quot;:{&quot;current_class&quot;:&quot;bt_bb_align_inherit&quot;,&quot;xxl&quot;:&quot;inherit&quot;}}\"><h3 class=\"bt_bb_headline_tag\"><span class=\"bt_bb_headline_content\"><span>Exames Laboratoriais<\/span><\/span><\/h3><\/header><\/div><\/div><\/div><\/div><\/div><\/div><!-- cell_inner --><\/div><!-- cell --><\/div><!-- port --><\/section><section id=\"bt_bb_section69f377138aabe\" class=\"bt_bb_section bt_bb_layout_boxed_1200 bt_bb_vertical_align_top bt_bb_section_allow_content_outside\"  data-bt-override-class=\"null\"><div class=\"bt_bb_port\"><div class=\"bt_bb_cell\"><div class=\"bt_bb_cell_inner\"><div class=\"bt_bb_row_wrapper\"><div  class=\"bt_bb_row\"  data-bt-override-class=\"{}\"><div  class=\"bt_bb_column col-xxl-4 col-xl-4 col-xs-12 col-sm-12 col-md-12 col-lg-4 bt_bb_vertical_align_top bt_bb_align_left bt_bb_padding_normal bt_bb_animation_fade_in animate\"  data-width=\"4\" data-bt-override-class=\"{}\"><div class=\"bt_bb_column_content\"><div class=\"bt_bb_column_content_inner\"><div data-bb-version=\"4.8.8\" class=\"bt_bb_image bt_bb_shape_triangle bt_bb_align_inherit bt_bb_hover_style_simple bt_bb_content_display_always bt_bb_content_align_middle\" data-bt-override-class=\"{&quot;bt_bb_align_&quot;:{&quot;current_class&quot;:&quot;bt_bb_align_inherit&quot;,&quot;xxl&quot;:&quot;inherit&quot;}}\"><span><img src = \"https:\/\/www.labsl.com.br\/kids\/wp-content\/plugins\/bold-page-builder\/img\/blank.gif\" data-full_image_src=\"https:\/\/www.labsl.com.br\/kids\/wp-content\/uploads\/2024\/03\/360_F_686371681_wP6YNHE4QjOKXGGMYJ4e0SnPyjTPkxud.jpg\" data-image_src=\"https:\/\/www.labsl.com.br\/kids\/wp-content\/uploads\/2024\/03\/360_F_686371681_wP6YNHE4QjOKXGGMYJ4e0SnPyjTPkxud.jpg\" title=\"360_F_686371681_wP6YNHE4QjOKXGGMYJ4e0SnPyjTPkxud\" alt=\"https:\/\/www.labsl.com.br\/kids\/wp-content\/uploads\/2024\/03\/360_F_686371681_wP6YNHE4QjOKXGGMYJ4e0SnPyjTPkxud.jpg\" class=\"btLazyLoadImage\"><\/span><\/div><\/div><\/div><\/div><div data-bb-version=\"4.8.8\"  class=\"bt_bb_column col-xxl-8 col-xl-8 col-xs-12 col-sm-12 col-md-12 col-lg-8 bt_bb_vertical_align_top bt_bb_align_left bt_bb_padding_normal\"  data-width=\"8\" data-bt-override-class=\"{}\"><div class=\"bt_bb_column_content\"><div class=\"bt_bb_column_content_inner\"><div data-bb-version=\"4.8.8\"  class=\"bt_bb_text\" ><p>No <strong>Laborat\u00f3rio S\u00e3o Lucas Kids<\/strong>, oferecemos um servi\u00e7o especializado de exames laboratoriais para crian\u00e7as, garantindo precis\u00e3o e seguran\u00e7a em cada procedimento. Nossa equipe, treinada para atender ao p\u00fablico infantil, utiliza t\u00e9cnicas que minimizam o desconforto e a ansiedade dos pequenos durante a coleta. Com equipamentos de \u00faltima gera\u00e7\u00e3o e procedimentos adaptados para crian\u00e7as, asseguramos a obten\u00e7\u00e3o de resultados r\u00e1pidos e confi\u00e1veis. Nosso ambiente \u00e9 projetado para fazer com que as crian\u00e7as se sintam confort\u00e1veis e tranquilas, tornando a experi\u00eancia menos intimidadora. No S\u00e3o Lucas Kids, a sa\u00fade dos seus filhos \u00e9 tratada com a seriedade e o carinho que ela merece.<\/p>\n<\/div><\/div><\/div><\/div><\/div><\/div><\/div><!-- cell_inner --><\/div><!-- cell --><\/div><!-- port --><\/section><section data-bb-version=\"4.8.8\" id=\"bt_bb_section69f377138b15f\" class=\"bt_bb_section bt_bb_layout_boxed_1200\"  data-bt-override-class=\"null\"><div class=\"bt_bb_port\"><div class=\"bt_bb_cell\"><div class=\"bt_bb_cell_inner\"><div class=\"bt_bb_row_wrapper\"><div  class=\"bt_bb_row\"  data-bt-override-class=\"{}\"><div data-bb-version=\"4.8.8\"  class=\"bt_bb_column col-xxl-12 col-xl-12 col-xs-12 col-sm-12 col-md-12 col-lg-12 bt_bb_vertical_align_top bt_bb_align_left bt_bb_padding_normal\"  data-width=\"12\" data-bt-override-class=\"{}\"><div class=\"bt_bb_column_content\"><div class=\"bt_bb_column_content_inner\"><\/div><\/div><\/div><\/div><\/div><\/div><!-- cell_inner --><\/div><!-- cell --><\/div><!-- port --><\/section><section data-bb-version=\"4.8.8\" id=\"bt_bb_section69f377138b2ad\" class=\"bt_bb_section bt_bb_layout_boxed_1200\"  data-bt-override-class=\"null\"><div class=\"bt_bb_port\"><div class=\"bt_bb_cell\"><div class=\"bt_bb_cell_inner\"><div class=\"bt_bb_row_wrapper\"><div  class=\"bt_bb_row\"  data-bt-override-class=\"{}\"><div data-bb-version=\"4.8.8\"  class=\"bt_bb_column col-xxl-12 col-xl-12 col-xs-12 col-sm-12 col-md-12 col-lg-12 bt_bb_vertical_align_top bt_bb_align_left bt_bb_padding_normal\"  data-width=\"12\" data-bt-override-class=\"{}\"><div class=\"bt_bb_column_content\"><div class=\"bt_bb_column_content_inner\"><div data-bb-version=\"4.8.8\" class=\"bt_bb_separator bt_bb_border_style_none bt_bb_border_color_none bt_bb_top_spacing_large bt_bb_bottom_spacing_small\" data-bt-override-class=\"{&quot;bt_bb_top_spacing_&quot;:{&quot;current_class&quot;:&quot;bt_bb_top_spacing_large&quot;,&quot;xxl&quot;:&quot;large&quot;},&quot;bt_bb_bottom_spacing_&quot;:{&quot;current_class&quot;:&quot;bt_bb_bottom_spacing_small&quot;,&quot;xxl&quot;:&quot;small&quot;}}\"><\/div><header data-bb-version=\"4.8.8\" class=\"bt_bb_headline bt_bb_subheadline_text_transform_default bt_bb_dash_top bt_bb_size_normal bt_bb_align_center\" data-bt-override-class=\"{&quot;bt_bb_size_&quot;:{&quot;current_class&quot;:&quot;bt_bb_size_normal&quot;,&quot;xxl&quot;:&quot;normal&quot;},&quot;bt_bb_align_&quot;:{&quot;current_class&quot;:&quot;bt_bb_align_center&quot;,&quot;xxl&quot;:&quot;center&quot;}}\"><h3 class=\"bt_bb_headline_tag\"><span class=\"bt_bb_headline_content\"><span>Servi\u00e7o de vacina\u00e7\u00e3o de 1 a 5 anos.<\/span><\/span><\/h3><\/header><div data-bb-version=\"4.8.8\" class=\"bt_bb_separator bt_bb_border_style_none bt_bb_border_color_none bt_bb_top_spacing_small bt_bb_bottom_spacing_small\" data-bt-override-class=\"{&quot;bt_bb_top_spacing_&quot;:{&quot;current_class&quot;:&quot;bt_bb_top_spacing_small&quot;,&quot;xxl&quot;:&quot;small&quot;},&quot;bt_bb_bottom_spacing_&quot;:{&quot;current_class&quot;:&quot;bt_bb_bottom_spacing_small&quot;,&quot;xxl&quot;:&quot;small&quot;}}\"><\/div><\/div><\/div><\/div><\/div><\/div><\/div><!-- cell_inner --><\/div><!-- cell --><\/div><!-- port --><\/section><section id=\"bt_bb_section69f377138b504\" class=\"bt_bb_section bt_bb_layout_boxed_1200 bt_bb_vertical_align_top bt_bb_section_allow_content_outside\"  data-bt-override-class=\"null\"><div class=\"bt_bb_port\"><div class=\"bt_bb_cell\"><div class=\"bt_bb_cell_inner\"><div class=\"bt_bb_row_wrapper\"><div  class=\"bt_bb_row\"  data-bt-override-class=\"{}\"><div  class=\"bt_bb_column col-xxl-4 col-xl-4 col-xs-12 col-sm-12 col-md-12 col-lg-4 bt_bb_vertical_align_top bt_bb_align_left bt_bb_padding_normal bt_bb_animation_fade_in animate\"  data-width=\"4\" data-bt-override-class=\"{}\"><div class=\"bt_bb_column_content\"><div class=\"bt_bb_column_content_inner\"><div data-bb-version=\"4.8.8\" class=\"bt_bb_image bt_bb_shape_triangle bt_bb_align_inherit bt_bb_hover_style_simple bt_bb_content_display_always bt_bb_content_align_middle\" data-bt-override-class=\"{&quot;bt_bb_align_&quot;:{&quot;current_class&quot;:&quot;bt_bb_align_inherit&quot;,&quot;xxl&quot;:&quot;inherit&quot;}}\"><span><img src = \"https:\/\/www.labsl.com.br\/kids\/wp-content\/plugins\/bold-page-builder\/img\/blank.gif\" data-full_image_src=\"https:\/\/www.labsl.com.br\/kids\/wp-content\/uploads\/2024\/03\/depositphotos_11312445-stock-photo-five-happy-kids.webp\" data-image_src=\"https:\/\/www.labsl.com.br\/kids\/wp-content\/uploads\/2024\/03\/depositphotos_11312445-stock-photo-five-happy-kids.webp\" title=\"depositphotos_11312445-stock-photo-five-happy-kids\" alt=\"https:\/\/www.labsl.com.br\/kids\/wp-content\/uploads\/2024\/03\/depositphotos_11312445-stock-photo-five-happy-kids.webp\" class=\"btLazyLoadImage\"><\/span><\/div><\/div><\/div><\/div><div data-bb-version=\"4.8.8\"  class=\"bt_bb_column col-xxl-8 col-xl-8 col-xs-12 col-sm-12 col-md-12 col-lg-8 bt_bb_vertical_align_top bt_bb_align_left bt_bb_padding_normal\"  data-width=\"8\" data-bt-override-class=\"{}\"><div class=\"bt_bb_column_content\"><div class=\"bt_bb_column_content_inner\"><div data-bb-version=\"4.8.8\"  class=\"bt_bb_text\" ><p>O servi\u00e7o de vacina\u00e7\u00e3o do <strong>Laborat\u00f3rio S\u00e3o Lucas Kids<\/strong> oferece um cronograma completo de imuniza\u00e7\u00e3o para crian\u00e7as desde os primeiros meses de vida at\u00e9 os cinco anos. As vacinas dispon\u00edveis incluem Hexavalente Acelular, Rotav\u00edrus Oral, Pneumoc\u00f3cica 13, Meningoc\u00f3cica ACWY e B, entre outras, cobrindo doen\u00e7as como meningite, pneumonia, hepatite A, e febre amarela. Este programa \u00e9 projetado para seguir rigorosamente os calend\u00e1rios recomendados por autoridades de sa\u00fade, garantindo a prote\u00e7\u00e3o integral das crian\u00e7as em diversas fases de seu desenvolvimento. O laborat\u00f3rio prioriza um ambiente acolhedor e profissionais especializados para proporcionar uma experi\u00eancia segura e tranquila para os pequenos e seus respons\u00e1veis.<\/p>\n<\/div><\/div><\/div><\/div><\/div><\/div><\/div><!-- cell_inner --><\/div><!-- cell --><\/div><!-- port --><\/section><section data-bb-version=\"4.8.8\" id=\"bt_bb_section69f377138bc46\" class=\"bt_bb_section bt_bb_layout_boxed_1200 bt_bb_top_spacing_large\"  data-bt-override-class=\"{&quot;bt_bb_top_spacing_&quot;:{&quot;current_class&quot;:&quot;bt_bb_top_spacing_large&quot;,&quot;xxl&quot;:&quot;large&quot;}}\"><div class=\"bt_bb_port\"><div class=\"bt_bb_cell\"><div class=\"bt_bb_cell_inner\"><div class=\"bt_bb_row_wrapper\"><div  class=\"bt_bb_row\"  data-bt-override-class=\"{}\"><div data-bb-version=\"4.8.8\"  class=\"bt_bb_column col-xxl-12 col-xl-12 col-xs-12 col-sm-12 col-md-12 col-lg-12 bt_bb_vertical_align_top bt_bb_align_left bt_bb_padding_100 bt_bb_details-color_white\"  data-width=\"12\" data-bt-override-class=\"{&quot;bt_bb_align_&quot;:{&quot;current_class&quot;:&quot;bt_bb_align_left&quot;,&quot;xxl&quot;:&quot;left&quot;},&quot;bt_bb_padding_&quot;:{&quot;current_class&quot;:&quot;bt_bb_padding_100&quot;,&quot;xxl&quot;:&quot;100&quot;}}\"><div class=\"bt_bb_column_content\"><div class=\"bt_bb_column_content_inner\"><\/div><\/div><\/div><\/div><\/div><\/div><!-- cell_inner --><\/div><!-- cell --><\/div><!-- port --><\/section>","protected":false},"excerpt":{"rendered":"","protected":false},"author":2,"featured_media":0,"parent":0,"menu_order":0,"comment_status":"closed","ping_status":"closed","template":"","meta":{"footnotes":""},"class_list":["post-1538","page","type-page","status-publish","hentry"],"_links":{"self":[{"href":"https:\/\/www.labsl.com.br\/kids\/wp-json\/wp\/v2\/pages\/1538","targetHints":{"allow":["GET"]}}],"collection":[{"href":"https:\/\/www.labsl.com.br\/kids\/wp-json\/wp\/v2\/pages"}],"about":[{"href":"https:\/\/www.labsl.com.br\/kids\/wp-json\/wp\/v2\/types\/page"}],"author":[{"embeddable":true,"href":"https:\/\/www.labsl.com.br\/kids\/wp-json\/wp\/v2\/users\/2"}],"replies":[{"embeddable":true,"href":"https:\/\/www.labsl.com.br\/kids\/wp-json\/wp\/v2\/comments?post=1538"}],"version-history":[{"count":43,"href":"https:\/\/www.labsl.com.br\/kids\/wp-json\/wp\/v2\/pages\/1538\/revisions"}],"predecessor-version":[{"id":3613,"href":"https:\/\/www.labsl.com.br\/kids\/wp-json\/wp\/v2\/pages\/1538\/revisions\/3613"}],"wp:attachment":[{"href":"https:\/\/www.labsl.com.br\/kids\/wp-json\/wp\/v2\/media?parent=1538"}],"curies":[{"name":"wp","href":"https:\/\/api.w.org\/{rel}","templated":true}]}}