{"id":1596,"date":"2020-03-23T09:03:14","date_gmt":"2020-03-23T09:03:14","guid":{"rendered":"http:\/\/novalab.bold-themes.com\/main-demo\/?page_id=1596"},"modified":"2024-11-14T20:09:14","modified_gmt":"2024-11-14T20:09:14","slug":"servicos","status":"publish","type":"page","link":"https:\/\/www.labsl.com.br\/kids\/servicos\/","title":{"rendered":"Servi\u00e7os"},"content":{"rendered":"<section id=\"bt_bb_section69f38a69d4819\" class=\"bt_bb_section bt_bb_color_scheme_10 bt_bb_layout_boxed_1200 bt_bb_vertical_align_top bt_bb_background_overlay_dark_solid bt_bb_bottom_section_coverage_image bt_bb_section_with_bottom_coverage_image bt_bb_top_spacing_large bt_bb_bottom_spacing_extra_large\" style=\"; --section-primary-color:#ffffff; --section-secondary-color:#1f3b64;\" data-bt-override-class=\"null\"><div class=\"bt_bb_background_image_holder_wrapper\"><div class=\"bt_bb_background_image_holder btLazyLoadBackground bt_bb_parallax\"  data-background_image_src=\"https:\/\/www.labsl.com.br\/kids\/wp-content\/uploads\/2024\/04\/\u2014Pngtree\u2014children-s-day-banner_1122481.jpg\" data-parallax=\"0.7\" data-parallax-offset=\"0\" data-parallax-zoom-start=\"1\" data-parallax-zoom-end=\"1\" data-parallax-blur-start=\"0\" data-parallax-blur-end=\"0\" data-parallax-opacity-start=\"1\" data-parallax-opacity-end=\"1\" style=\" background-image: url(&#039;https:\/\/www.labsl.com.br\/kids\/wp-content\/plugins\/bold-page-builder\/img\/blank.gif&#039;);\"><\/div><\/div><div class=\"bt_bb_port\"><div class=\"bt_bb_cell\"><div class=\"bt_bb_cell_inner\"><div class=\"bt_bb_row_wrapper\"><div  class=\"bt_bb_row\"  data-bt-override-class=\"{}\"><div  class=\"bt_bb_column col-xxl-8 col-xl-8 bt_bb_vertical_align_top bt_bb_align_left bt_bb_padding_normal bt_bb_animation_fade_in animate\"  data-width=\"8\" data-bt-override-class=\"{}\"><div class=\"bt_bb_column_content\"><div class=\"bt_bb_column_content_inner\"><header class=\"bt_bb_headline bt_bb_dash_top bt_bb_superheadline bt_bb_subheadline bt_bb_size_large bt_bb_align_inherit\" data-bt-override-class=\"{}\"><h1 class=\"bt_bb_headline_tag\"><span class=\"bt_bb_headline_superheadline\">Servi\u00e7os<\/span><span class=\"bt_bb_headline_content\"><span>Exames e Vacinas<\/span><\/span><\/h1><div class=\"bt_bb_headline_subheadline\">No Laborat\u00f3rio S\u00e3o Lucas Kids, oferecemos um leque completo de servi\u00e7os de sa\u00fade para crian\u00e7as, incluindo exames de an\u00e1lises cl\u00ednicas e uma linha extensa de vacinas, garantindo um cuidado integral \u00e0 sa\u00fade dos pequenos.<\/div><\/header><\/div><\/div><\/div><div  class=\"bt_bb_column col-xxl-4 col-xl-4 bt_bb_vertical_align_top bt_bb_align_left bt_bb_padding_normal\"  data-width=\"4\" data-bt-override-class=\"{}\"><div class=\"bt_bb_column_content\"><div class=\"bt_bb_column_content_inner\"><\/div><\/div><\/div><\/div><\/div><\/div><!-- cell_inner --><\/div><!-- cell --><\/div><!-- port --><div class=\"bt_bb_section_bottom_section_coverage_image\"><img decoding=\"async\" src=\"https:\/\/www.labsl.com.br\/kids\/wp-content\/uploads\/2020\/04\/bottom_cover_3.png\" alt=\"bt_bb_section_bottom_section_coverage_image\" \/><\/div><\/section><section id=\"bt_bb_section69f38a69d4a9d\" class=\"bt_bb_section bt_bb_layout_boxed_1200 bt_bb_vertical_align_top bt_bb_top_spacing_large bt_bb_bottom_spacing_medium\"  data-bt-override-class=\"null\"><div class=\"bt_bb_port\"><div class=\"bt_bb_cell\"><div class=\"bt_bb_cell_inner\"><div class=\"bt_bb_row_wrapper\"><div  class=\"bt_bb_row\"  data-bt-override-class=\"{}\"><div  class=\"bt_bb_column col-xxl-6 col-xl-6 bt_bb_vertical_align_top bt_bb_align_left bt_bb_padding_double bt_bb_animation_fade_in animate\"  data-width=\"6\" data-bt-override-class=\"{}\"><div class=\"bt_bb_column_content\"><div class=\"bt_bb_column_content_inner\"><div class=\"bt_bb_separator bt_bb_border_style_none bt_bb_bottom_spacing_medium\" data-bt-override-class=\"null\"><\/div><header class=\"bt_bb_headline bt_bb_color_scheme_12 bt_bb_dash_top bt_bb_superheadline bt_bb_subheadline bt_bb_size_normal bt_bb_align_inherit\" style=\"; --primary-color:#1f3b64; --secondary-color:#d3899d;\" data-bt-override-class=\"{}\"><h3 class=\"bt_bb_headline_tag\"><span class=\"bt_bb_headline_superheadline\">Servi\u00e7o completo para crian\u00e7as de 1 a 5 anos<\/span><span class=\"bt_bb_headline_content\"><span>Vacina\u00e7\u00e3o<\/span><\/span><\/h3><div class=\"bt_bb_headline_subheadline\">Sabemos que a vacina\u00e7\u00e3o \u00e9 crucial para a preven\u00e7\u00e3o de diversas doen\u00e7as. Por isso, oferecemos uma linha completa de vacinas, abrangendo todas as fases da inf\u00e2ncia e seguindo rigorosamente os calend\u00e1rios de vacina\u00e7\u00e3o recomendados pelos \u00f3rg\u00e3os de sa\u00fade. <\/div><\/header><div class=\"bt_bb_separator bt_bb_border_style_none bt_bb_bottom_spacing_normal\" data-bt-override-class=\"null\"><\/div><div  class=\"bt_bb_text\" ><p>Nossas vacinas protegem contra as principais doen\u00e7as infantis, assegurando a prote\u00e7\u00e3o e o bem-estar das crian\u00e7as. Com uma equipe especializada em imuniza\u00e7\u00e3o pedi\u00e1trica, garantimos que cada vacina seja administrada com o m\u00e1ximo cuidado e profissionalismo.<\/p>\n<p>No Laborat\u00f3rio S\u00e3o Lucas Kids, nosso compromisso \u00e9 com a sa\u00fade e o desenvolvimento saud\u00e1vel de todas as crian\u00e7as que atendemos. Oferecemos um atendimento personalizado, respondendo a todas as d\u00favidas dos pais e garantindo que eles se sintam confiantes e informados sobre os cuidados com seus filhos.<\/p>\n<p><strong>Visite o Laborat\u00f3rio S\u00e3o Lucas Kids e descubra a tranquilidade de ter todos os servi\u00e7os de sa\u00fade que seu filho precisa em um \u00fanico lugar!<\/strong><\/p>\n<\/div><div class=\"bt_bb_separator bt_bb_border_style_none bt_bb_bottom_spacing_normal\" data-bt-override-class=\"null\"><\/div><div class=\"bt_bb_separator bt_bb_border_style_none bt_bb_bottom_spacing_medium\" data-bt-override-class=\"null\"><\/div><div class=\"bt_bb_button bt_bb_color_scheme_11 bt_bb_icon_position_left bt_bb_style_filled bt_bb_size_normal bt_bb_width_inline bt_bb_shape_inherit bt_bb_target_self bt_bb_align_inherit\" style=\"; --primary-color:#d3899d; --secondary-color:#1f3b64;\" data-bt-override-class=\"{}\"><a href=\"https:\/\/wa.link\/iifeo3\" target=\"_self\" class=\"bt_bb_link\" title=\"AGENDE UM EXAME\"><span class=\"bt_bb_button_text\" >AGENDE UM EXAME<\/span><\/a><\/div><\/div><\/div><\/div><div  class=\"bt_bb_column col-xxl-6 col-xl-6 bt_bb_vertical_align_middle bt_bb_align_center bt_bb_padding_normal bt_bb_animation_fade_in animate\" style=\"position: relative;\" data-width=\"6\" data-bt-override-class=\"{}\"><div class=\"bt_bb_column_content\"><div class=\"bt_bb_column_content_inner\"><div class=\"bt_bb_floating_image bt_bb_shape_soft-rounded bt_bb_floating_image_horizontal_position_center bt_bb_floating_image_vertical_position_top bt_bb_floating_image_animation_delay_default bt_bb_floating_image_animation_duration_4000 bt_bb_floating_image_animation_style_ease_out bt_bb_hidden_xs bt_bb_hidden_ms bt_bb_hidden_sm\" style=\"top: 4em;\" data-speed=\"1.0\"><div class=\"bt_bb_floating_image_image\" data-speed=\"1.0\"><div class=\"bt_bb_image bt_bb_shape_soft-rounded\" data-bt-override-class=\"{}\"><span><img decoding=\"async\" src=\"https:\/\/www.labsl.com.br\/kids\/wp-content\/uploads\/2024\/04\/reproducao_1_0.jpg\" data-full_image_src=\"https:\/\/www.labsl.com.br\/kids\/wp-content\/uploads\/2024\/04\/reproducao_1_0.jpg\"  title=\"reproducao_1_0\" alt=\"https:\/\/www.labsl.com.br\/kids\/wp-content\/uploads\/2024\/04\/reproducao_1_0.jpg\"><\/span><\/div><\/div><\/div><div class=\"bt_bb_image bt_bb_shape_soft-rounded bt_bb_align_inherit bt_bb_hover_style_simple bt_bb_content_display_always bt_bb_content_align_middle bt_bb_hidden_md bt_bb_hidden_lg\" data-bt-override-class=\"{}\"><span><img src = \"https:\/\/www.labsl.com.br\/kids\/wp-content\/plugins\/bold-page-builder\/img\/blank.gif\" data-full_image_src=\"https:\/\/www.labsl.com.br\/kids\/wp-content\/uploads\/2020\/04\/experience_01.png\" data-image_src=\"https:\/\/www.labsl.com.br\/kids\/wp-content\/uploads\/2020\/04\/experience_01.png\" title=\"Experience\" alt=\"https:\/\/www.labsl.com.br\/kids\/wp-content\/uploads\/2020\/04\/experience_01.png\" class=\"btLazyLoadImage\"><\/span><\/div><\/div><\/div><\/div><\/div><\/div><\/div><!-- cell_inner --><\/div><!-- cell --><\/div><!-- port --><\/section><section id=\"bt_bb_section69f38a69d5ec3\" class=\"bt_bb_section bt_bb_color_scheme_2 bt_bb_layout_boxed_1200 bt_bb_vertical_align_top bt_bb_background_overlay_light_solid bt_bb_top_section_coverage_image bt_bb_section_with_top_coverage_image bt_bb_top_spacing_extra_large bt_bb_bottom_spacing_large bt_bb_section_allow_content_outside\" style=\"; --section-primary-color:#191919; --section-secondary-color:#ffffff;;background-color:rgb(255,255,255);\" data-bt-override-class=\"null\"><div class=\"bt_bb_background_image_holder_wrapper\"><div class=\"bt_bb_background_image_holder btLazyLoadBackground bt_bb_parallax\"  data-background_image_src=\"https:\/\/www.labsl.com.br\/kids\/wp-content\/uploads\/2024\/04\/kids0005.jpg\" data-parallax=\"0.7\" data-parallax-offset=\"90\" data-parallax-zoom-start=\"1\" data-parallax-zoom-end=\"1\" data-parallax-blur-start=\"0\" data-parallax-blur-end=\"0\" data-parallax-opacity-start=\"1\" data-parallax-opacity-end=\"1\" style=\" background-image: url(&#039;https:\/\/www.labsl.com.br\/kids\/wp-content\/plugins\/bold-page-builder\/img\/blank.gif&#039;);\"><\/div><\/div><div class=\"bt_bb_port\"><div class=\"bt_bb_cell\"><div class=\"bt_bb_cell_inner\"><div class=\"bt_bb_row_wrapper\"><div  class=\"bt_bb_row\"  data-bt-override-class=\"{}\"><div  class=\"bt_bb_column col-xxl-6 col-xl-6 bt_bb_vertical_align_top bt_bb_align_left bt_bb_padding_normal bt_bb_animation_fade_in animate\"  data-width=\"6\" data-bt-override-class=\"{}\"><div class=\"bt_bb_column_content\"><div class=\"bt_bb_column_content_inner\"><header class=\"bt_bb_headline bt_bb_dash_top bt_bb_superheadline bt_bb_subheadline bt_bb_size_large bt_bb_align_inherit\" data-bt-override-class=\"{}\"><h4 class=\"bt_bb_headline_tag\"><span class=\"bt_bb_headline_superheadline\">Atendimento L\u00fadico e Preparado<\/span><span class=\"bt_bb_headline_content\"><span>Exames de An\u00e1lises Cl\u00ednicas<\/span><\/span><\/h4><div class=\"bt_bb_headline_subheadline\">Nosso laborat\u00f3rio est\u00e1 equipado com a mais moderna tecnologia para a realiza\u00e7\u00e3o de exames de sangue, urina, fezes e muitos outros testes essenciais que ajudam no diagn\u00f3stico e acompanhamento da sa\u00fade infantil. Entendemos a import\u00e2ncia de um processo r\u00e1pido e suave para as crian\u00e7as e seus pais, por isso trabalhamos com efici\u00eancia e cuidado, proporcionando um ambiente confort\u00e1vel e seguro para realizar todos os exames necess\u00e1rios com a menor ansiedade poss\u00edvel para os jovens pacientes.<\/div><\/header><div class=\"bt_bb_separator bt_bb_border_style_none bt_bb_border_color_none bt_bb_bottom_spacing_normal\" data-bt-override-class=\"null\"><\/div><div class=\"bt_bb_button bt_bb_color_scheme_11 bt_bb_icon_position_left bt_bb_style_filled bt_bb_size_normal bt_bb_width_inline bt_bb_shape_inherit bt_bb_target_self bt_bb_align_inherit\" style=\"; --primary-color:#d3899d; --secondary-color:#1f3b64;\" data-bt-override-class=\"{}\"><a href=\"https:\/\/wa.link\/iifeo3\" target=\"_self\" class=\"bt_bb_link\" title=\"AGENDE UM EXAME\"><span class=\"bt_bb_button_text\" >AGENDE UM EXAME<\/span><\/a><\/div><\/div><\/div><\/div><div  class=\"bt_bb_column col-xxl-6 col-xl-6 bt_bb_vertical_align_top bt_bb_align_left bt_bb_padding_normal\"  data-width=\"6\" data-bt-override-class=\"{}\"><div class=\"bt_bb_column_content\"><div class=\"bt_bb_column_content_inner\"><\/div><\/div><\/div><\/div><\/div><\/div><!-- cell_inner --><\/div><!-- cell --><\/div><!-- port --><div class=\"bt_bb_section_top_section_coverage_image\"><img decoding=\"async\" src=\"https:\/\/www.labsl.com.br\/kids\/wp-content\/uploads\/2020\/06\/top_gray_cover.png\" alt=\"bt_bb_section_top_section_coverage_image\" \/><\/div><\/section>","protected":false},"excerpt":{"rendered":"","protected":false},"author":2,"featured_media":0,"parent":0,"menu_order":0,"comment_status":"closed","ping_status":"closed","template":"","meta":{"footnotes":""},"class_list":["post-1596","page","type-page","status-publish","hentry"],"_links":{"self":[{"href":"https:\/\/www.labsl.com.br\/kids\/wp-json\/wp\/v2\/pages\/1596","targetHints":{"allow":["GET"]}}],"collection":[{"href":"https:\/\/www.labsl.com.br\/kids\/wp-json\/wp\/v2\/pages"}],"about":[{"href":"https:\/\/www.labsl.com.br\/kids\/wp-json\/wp\/v2\/types\/page"}],"author":[{"embeddable":true,"href":"https:\/\/www.labsl.com.br\/kids\/wp-json\/wp\/v2\/users\/2"}],"replies":[{"embeddable":true,"href":"https:\/\/www.labsl.com.br\/kids\/wp-json\/wp\/v2\/comments?post=1596"}],"version-history":[{"count":11,"href":"https:\/\/www.labsl.com.br\/kids\/wp-json\/wp\/v2\/pages\/1596\/revisions"}],"predecessor-version":[{"id":3535,"href":"https:\/\/www.labsl.com.br\/kids\/wp-json\/wp\/v2\/pages\/1596\/revisions\/3535"}],"wp:attachment":[{"href":"https:\/\/www.labsl.com.br\/kids\/wp-json\/wp\/v2\/media?parent=1596"}],"curies":[{"name":"wp","href":"https:\/\/api.w.org\/{rel}","templated":true}]}}