{"id":1830,"date":"2020-04-01T11:35:52","date_gmt":"2020-04-01T11:35:52","guid":{"rendered":"http:\/\/novalab.bold-themes.com\/main-demo\/?page_id=1830"},"modified":"2024-04-14T21:31:20","modified_gmt":"2024-04-14T21:31:20","slug":"quem-somos","status":"publish","type":"page","link":"https:\/\/www.labsl.com.br\/kids\/quem-somos\/","title":{"rendered":"Quem Somos"},"content":{"rendered":"<section id=\"bt_bb_section69f38ac19aa9f\" class=\"bt_bb_section bt_bb_color_scheme_10 bt_bb_layout_boxed_1200 bt_bb_vertical_align_top bt_bb_background_overlay_dark_solid bt_bb_bottom_section_coverage_image bt_bb_section_with_bottom_coverage_image bt_bb_top_spacing_large bt_bb_bottom_spacing_extra_large\" style=\"; --section-primary-color:#ffffff; --section-secondary-color:#1f3b64;\" data-bt-override-class=\"null\"><div class=\"bt_bb_background_image_holder_wrapper\"><div class=\"bt_bb_background_image_holder bt_bb_parallax\"  data-parallax=\"0.6\" data-parallax-offset=\"0\" data-parallax-zoom-start=\"1\" data-parallax-zoom-end=\"1\" data-parallax-blur-start=\"0\" data-parallax-blur-end=\"0\" data-parallax-opacity-start=\"1\" data-parallax-opacity-end=\"1\" style=\" background-image:url(&#039;https:\/\/www.labsl.com.br\/kids\/wp-content\/uploads\/2024\/04\/\u2014Pngtree\u2014children-s-day-banner_1122481.jpg&#039;);\"><\/div><\/div><div class=\"bt_bb_port\"><div class=\"bt_bb_cell\"><div class=\"bt_bb_cell_inner\"><div class=\"bt_bb_row_wrapper\"><div  class=\"bt_bb_row\"  data-bt-override-class=\"{}\"><div  class=\"bt_bb_column col-xxl-8 col-xl-8 bt_bb_vertical_align_middle bt_bb_align_left bt_bb_padding_normal bt_bb_animation_fade_in animate\"  data-width=\"8\" data-bt-override-class=\"{}\"><div class=\"bt_bb_column_content\"><div class=\"bt_bb_column_content_inner\"><header class=\"bt_bb_headline bt_bb_font_weight_medium bt_bb_dash_top bt_bb_superheadline bt_bb_subheadline bt_bb_size_large bt_bb_align_inherit\" data-bt-override-class=\"{}\"><h1 class=\"bt_bb_headline_tag\"><span class=\"bt_bb_headline_superheadline\">Quem Somos<\/span><span class=\"bt_bb_headline_content\"><span>S\u00e3o Lucas 30 anos<\/span><\/span><\/h1><div class=\"bt_bb_headline_subheadline\">Em seus mais de 30 anos de mercado o S\u00e3o Lucas visa<br \/>\r\nfundamentar-se em \u00e9tica e valores, fatores fundamentais para<br \/>\r\na garantia de crescimento futuro.<\/div><\/header><\/div><\/div><\/div><div  class=\"bt_bb_column col-xxl-4 col-xl-4 bt_bb_vertical_align_top bt_bb_align_left bt_bb_padding_normal\"  data-width=\"4\" data-bt-override-class=\"{}\"><div class=\"bt_bb_column_content\"><div class=\"bt_bb_column_content_inner\"><\/div><\/div><\/div><\/div><\/div><\/div><!-- cell_inner --><\/div><!-- cell --><\/div><!-- port --><div class=\"bt_bb_section_bottom_section_coverage_image\"><img decoding=\"async\" src=\"https:\/\/www.labsl.com.br\/kids\/wp-content\/uploads\/2020\/04\/bottom_cover_3.png\" alt=\"bt_bb_section_bottom_section_coverage_image\" \/><\/div><\/section><section id=\"bt_bb_section69f38ac19b3a2\" class=\"bt_bb_section bt_bb_color_scheme_8 bt_bb_layout_boxed_1200 bt_bb_vertical_align_top bt_bb_background_overlay_light_bottom_gradient bt_bb_top_section_coverage_image bt_bb_section_with_top_coverage_image bt_bb_top_spacing_medium bt_bb_bottom_spacing_medium\" style=\"; --section-primary-color:#1f3b64; --section-secondary-color:#ffffff;;background-color:#f3f4f9;\" data-bt-override-class=\"null\"><div class=\"bt_bb_background_image_holder_wrapper\"><div class=\"bt_bb_background_image_holder bt_bb_parallax\"  data-parallax=\"0.7\" data-parallax-offset=\"0\" data-parallax-zoom-start=\"1\" data-parallax-zoom-end=\"1\" data-parallax-blur-start=\"0\" data-parallax-blur-end=\"0\" data-parallax-opacity-start=\"1\" data-parallax-opacity-end=\"1\" style=\" background-image:url(&#039;https:\/\/www.labsl.com.br\/kids\/wp-content\/uploads\/2020\/05\/background_2_about_me.png&#039;);\"><\/div><\/div><div class=\"bt_bb_port\"><div class=\"bt_bb_cell\"><div class=\"bt_bb_cell_inner\"><div class=\"bt_bb_row_wrapper\"><div  class=\"bt_bb_row\"  data-bt-override-class=\"{}\"><div  class=\"bt_bb_column col-xxl-7 col-xl-7 bt_bb_vertical_align_middle bt_bb_align_left bt_bb_padding_normal bt_bb_animation_fade_in animate\" style=\"position: relative;\" data-width=\"7\" data-bt-override-class=\"{}\"><div class=\"bt_bb_column_content\"><div class=\"bt_bb_column_content_inner\"><div class=\"bt_bb_separator bt_bb_border_style_none bt_bb_border_color_none bt_bb_bottom_spacing_large\" data-bt-override-class=\"null\"><\/div><div class=\"bt_bb_testimonial bt_bb_text_size_large bt_bb_text_style_italic\"><div class=\"bt_bb_testimonial_text\"><span>Laborat\u00f3rio S\u00e3o Lucas Kids: Sa\u00fade e Cuidado Especializado para Crian\u00e7as.<\/span><\/div><div class=\"bt_bb_testimonial_text_box\"><header class=\"bt_bb_headline bt_bb_size_medium btNoHeadline\" data-bt-override-class=\"{}\"><\/header><\/div><\/div><div class=\"bt_bb_image bt_bb_shape_square bt_bb_align_inherit bt_bb_hover_style_simple bt_bb_content_display_always bt_bb_content_align_middle bt_bb_hidden_ms bt_bb_hidden_sm bt_bb_hidden_md bt_bb_hidden_lg\" data-bt-override-class=\"{}\"><span><img src = \"https:\/\/www.labsl.com.br\/kids\/wp-content\/plugins\/bold-page-builder\/img\/blank.gif\" data-full_image_src=\"https:\/\/www.labsl.com.br\/kids\/wp-content\/uploads\/2020\/04\/signature.png\" data-image_src=\"https:\/\/www.labsl.com.br\/kids\/wp-content\/uploads\/2020\/04\/signature.png\" title=\"signature\" alt=\"https:\/\/www.labsl.com.br\/kids\/wp-content\/uploads\/2020\/04\/signature.png\" class=\"btLazyLoadImage\"><\/span><\/div><div class=\"bt_bb_separator bt_bb_border_style_none bt_bb_bottom_spacing_normal\" data-bt-override-class=\"null\"><\/div><div class=\"bt_bb_separator bt_bb_border_style_solid bt_bb_top_spacing_normal bt_bb_bottom_spacing_normal\" data-bt-override-class=\"null\"><\/div><div class=\"bt_bb_row_wrapper\"><div  class=\"bt_bb_row_inner\"  data-bt-override-class=\"{}\"><div  class=\"bt_bb_column_inner col-xxl-6 col-xl-6 bt_bb_vertical_align_top bt_bb_align_left bt_bb_padding_normal\"  data-width=\"6\" data-bt-override-class=\"{}\"><div class=\"bt_bb_column_inner_content\"><div  class=\"bt_bb_text\" ><p>No Laborat\u00f3rio S\u00e3o Lucas Kids, nossa miss\u00e3o vai al\u00e9m de oferecer servi\u00e7os de sa\u00fade de alta qualidade; buscamos criar um ambiente onde crian\u00e7as e fam\u00edlias se sintam seguras, respeitadas e cuidadas.<\/p>\n<p>Nosso laborat\u00f3rio \u00e9 especializado no atendimento pedi\u00e1trico, garantindo que cada procedimento, desde uma simples coleta de exames at\u00e9 a aplica\u00e7\u00e3o de vacinas, seja realizado com o m\u00e1ximo de conforto e seguran\u00e7a.<\/p>\n<p>Entendemos que a tecnologia \u00e9 uma aliada essencial na presta\u00e7\u00e3o de servi\u00e7os de sa\u00fade precisos e eficientes.<\/p>\n<\/div><div class=\"bt_bb_separator bt_bb_border_style_none bt_bb_border_color_none bt_bb_bottom_spacing_medium\" data-bt-override-class=\"null\"><\/div><\/div><\/div><div  class=\"bt_bb_column_inner col-xxl-6 col-xl-6 bt_bb_vertical_align_top bt_bb_align_left bt_bb_padding_normal\"  data-width=\"6\" data-bt-override-class=\"{}\"><div class=\"bt_bb_column_inner_content\"><div  class=\"bt_bb_text\" ><p>Por isso, o S\u00e3o Lucas Kids est\u00e1 equipado com tecnologia de ponta para diagn\u00f3sticos e tratamentos, garantindo que seu filho receba o melhor cuidado poss\u00edvel com resultados r\u00e1pidos e confi\u00e1veis.<\/p>\n<p>Al\u00e9m disso, valorizamos a comunica\u00e7\u00e3o clara e acess\u00edvel com os pais, fornecendo todas as informa\u00e7\u00f5es necess\u00e1rias para que eles entendam os procedimentos e resultados dos exames. Nosso compromisso \u00e9 com a transpar\u00eancia e o suporte cont\u00ednuo \u00e0 sa\u00fade das crian\u00e7as.<\/p>\n<\/div><div class=\"bt_bb_separator bt_bb_border_style_none bt_bb_border_color_none bt_bb_bottom_spacing_medium\" data-bt-override-class=\"null\"><\/div><\/div><\/div><\/div><\/div><div class=\"bt_bb_floating_image bt_bb_shape_square bt_bb_floating_image_horizontal_position_left bt_bb_floating_image_vertical_position_bottom bt_bb_floating_image_animation_delay_default bt_bb_floating_image_animation_duration_5000 bt_bb_floating_image_animation_style_ease_out bt_bb_hidden_xs bt_bb_hidden_ms bt_bb_hidden_sm\" style=\"left: -15em;\" data-speed=\"1.0\"><div class=\"bt_bb_floating_image_image\" data-speed=\"1.0\"><div class=\"bt_bb_image bt_bb_shape_square\" data-bt-override-class=\"{}\"><span><img decoding=\"async\" src=\"https:\/\/www.labsl.com.br\/kids\/wp-content\/uploads\/2020\/04\/small_blue_triangle.png\" data-full_image_src=\"https:\/\/www.labsl.com.br\/kids\/wp-content\/uploads\/2020\/04\/small_blue_triangle.png\"  title=\"Triangle\" alt=\"https:\/\/www.labsl.com.br\/kids\/wp-content\/uploads\/2020\/04\/small_blue_triangle.png\"><\/span><\/div><\/div><\/div><\/div><\/div><\/div><div  class=\"bt_bb_column col-xxl-5 col-xl-5 bt_bb_vertical_align_middle bt_bb_align_left bt_bb_padding_normal bt_bb_animation_fade_in animate\"  data-width=\"5\" data-bt-override-class=\"{}\"><div class=\"bt_bb_column_content\"><div class=\"bt_bb_column_content_inner\"><div class=\"bt_bb_image bt_bb_shape_triangle bt_bb_align_inherit bt_bb_hover_style_simple bt_bb_content_display_always bt_bb_content_align_middle\" data-bt-override-class=\"{}\"><span><img decoding=\"async\" src=\"https:\/\/www.labsl.com.br\/kids\/wp-content\/uploads\/2024\/03\/slider-mae-e-filho.jpg\" data-full_image_src=\"https:\/\/www.labsl.com.br\/kids\/wp-content\/uploads\/2024\/03\/slider-mae-e-filho.jpg\"  title=\"slider-mae-e-filho\" alt=\"https:\/\/www.labsl.com.br\/kids\/wp-content\/uploads\/2024\/03\/slider-mae-e-filho.jpg\"><\/span><\/div><\/div><\/div><\/div><\/div><\/div><\/div><!-- cell_inner --><\/div><!-- cell --><\/div><!-- port --><div class=\"bt_bb_section_top_section_coverage_image\"><img decoding=\"async\" src=\"https:\/\/www.labsl.com.br\/kids\/wp-content\/uploads\/2020\/06\/top_cover_longer.png\" alt=\"bt_bb_section_top_section_coverage_image\" \/><\/div><\/section>","protected":false},"excerpt":{"rendered":"","protected":false},"author":2,"featured_media":0,"parent":0,"menu_order":0,"comment_status":"closed","ping_status":"closed","template":"","meta":{"footnotes":""},"class_list":["post-1830","page","type-page","status-publish","hentry"],"_links":{"self":[{"href":"https:\/\/www.labsl.com.br\/kids\/wp-json\/wp\/v2\/pages\/1830","targetHints":{"allow":["GET"]}}],"collection":[{"href":"https:\/\/www.labsl.com.br\/kids\/wp-json\/wp\/v2\/pages"}],"about":[{"href":"https:\/\/www.labsl.com.br\/kids\/wp-json\/wp\/v2\/types\/page"}],"author":[{"embeddable":true,"href":"https:\/\/www.labsl.com.br\/kids\/wp-json\/wp\/v2\/users\/2"}],"replies":[{"embeddable":true,"href":"https:\/\/www.labsl.com.br\/kids\/wp-json\/wp\/v2\/comments?post=1830"}],"version-history":[{"count":6,"href":"https:\/\/www.labsl.com.br\/kids\/wp-json\/wp\/v2\/pages\/1830\/revisions"}],"predecessor-version":[{"id":3478,"href":"https:\/\/www.labsl.com.br\/kids\/wp-json\/wp\/v2\/pages\/1830\/revisions\/3478"}],"wp:attachment":[{"href":"https:\/\/www.labsl.com.br\/kids\/wp-json\/wp\/v2\/media?parent=1830"}],"curies":[{"name":"wp","href":"https:\/\/api.w.org\/{rel}","templated":true}]}}