{"id":3239,"date":"2020-06-16T13:48:16","date_gmt":"2020-06-16T13:48:16","guid":{"rendered":"http:\/\/novalab.bold-themes.com\/nova-a\/?page_id=3239"},"modified":"2024-04-14T21:23:27","modified_gmt":"2024-04-14T21:23:27","slug":"ambiente","status":"publish","type":"page","link":"https:\/\/www.labsl.com.br\/kids\/ambiente\/","title":{"rendered":"Ambiente"},"content":{"rendered":"<section id=\"bt_bb_section69f38adc41d27\" class=\"bt_bb_section bt_bb_color_scheme_10 bt_bb_layout_boxed_1200 bt_bb_vertical_align_top bt_bb_background_overlay_dark_solid bt_bb_bottom_section_coverage_image bt_bb_section_with_bottom_coverage_image bt_bb_top_spacing_large bt_bb_bottom_spacing_extra_large\" style=\"; --section-primary-color:#ffffff; --section-secondary-color:#1f3b64;\" data-bt-override-class=\"null\"><div class=\"bt_bb_background_image_holder_wrapper\"><div class=\"bt_bb_background_image_holder bt_bb_parallax\"  data-parallax=\"0.7\" data-parallax-offset=\"0\" data-parallax-zoom-start=\"1\" data-parallax-zoom-end=\"1\" data-parallax-blur-start=\"0\" data-parallax-blur-end=\"0\" data-parallax-opacity-start=\"1\" data-parallax-opacity-end=\"1\" style=\" background-image:url(&#039;https:\/\/www.labsl.com.br\/kids\/wp-content\/uploads\/2024\/04\/\u2014Pngtree\u2014children-s-day-banner_1122481.jpg&#039;);\"><\/div><\/div><div class=\"bt_bb_port\"><div class=\"bt_bb_cell\"><div class=\"bt_bb_cell_inner\"><div class=\"bt_bb_row_wrapper\"><div  class=\"bt_bb_row\"  data-bt-override-class=\"{}\"><div  class=\"bt_bb_column col-xxl-8 col-xl-8 bt_bb_vertical_align_middle bt_bb_align_left bt_bb_padding_normal bt_bb_animation_fade_in animate\"  data-width=\"8\" data-bt-override-class=\"{}\"><div class=\"bt_bb_column_content\"><div class=\"bt_bb_column_content_inner\"><header class=\"bt_bb_headline bt_bb_font_weight_medium bt_bb_dash_top bt_bb_superheadline bt_bb_subheadline bt_bb_size_large bt_bb_align_inherit\" data-bt-override-class=\"{}\"><h1 class=\"bt_bb_headline_tag\"><span class=\"bt_bb_headline_superheadline\">Ambiente<\/span><span class=\"bt_bb_headline_content\"><span>Estrutura da S\u00e3o Lucas Kids<\/span><\/span><\/h1><div class=\"bt_bb_headline_subheadline\">No Laborat\u00f3rio S\u00e3o Lucas Kids, entendemos que visitar um laborat\u00f3rio pode ser uma experi\u00eancia desafiadora para crian\u00e7as e seus pais. \u00c9 por isso que criamos um ambiente acolhedor e divertido, especialmente pensado para transformar cada visita em uma experi\u00eancia positiva e tranquila.<br \/>\r\n<br \/>\r\n<\/div><\/header><\/div><\/div><\/div><div  class=\"bt_bb_column col-xxl-4 col-xl-4 bt_bb_vertical_align_top bt_bb_align_left bt_bb_padding_normal\"  data-width=\"4\" data-bt-override-class=\"{}\"><div class=\"bt_bb_column_content\"><div class=\"bt_bb_column_content_inner\"><\/div><\/div><\/div><\/div><\/div><\/div><!-- cell_inner --><\/div><!-- cell --><\/div><!-- port --><div class=\"bt_bb_section_bottom_section_coverage_image\"><img decoding=\"async\" src=\"https:\/\/www.labsl.com.br\/kids\/wp-content\/uploads\/2020\/04\/bottom_cover_3.png\" alt=\"bt_bb_section_bottom_section_coverage_image\" \/><\/div><\/section><section id=\"bt_bb_section69f38adc41fd7\" class=\"bt_bb_section bt_bb_color_scheme_8 bt_bb_layout_boxed_1200 bt_bb_vertical_align_top bt_bb_background_overlay_light_bottom_gradient bt_bb_top_spacing_medium bt_bb_bottom_spacing_medium\" style=\"; --section-primary-color:#1f3b64; --section-secondary-color:#ffffff;\" data-bt-override-class=\"null\"><div class=\"bt_bb_port\"><div class=\"bt_bb_cell\"><div class=\"bt_bb_cell_inner\"><div class=\"bt_bb_row_wrapper\"><div  class=\"bt_bb_row\"  data-bt-override-class=\"{}\"><div data-bb-version=\"4.8.8\"  class=\"bt_bb_column col-xxl-6 col-xl-6 bt_bb_vertical_align_middle bt_bb_align_center bt_bb_padding_normal bt_bb_animation_fade_in animate bt_bb_details-color_white\" style=\"position: relative;\" data-width=\"6\" data-bt-override-class=\"{&quot;bt_bb_align_&quot;:{&quot;current_class&quot;:&quot;bt_bb_align_center&quot;,&quot;xxl&quot;:&quot;center&quot;},&quot;bt_bb_padding_&quot;:{&quot;current_class&quot;:&quot;bt_bb_padding_normal&quot;,&quot;xxl&quot;:&quot;normal&quot;}}\"><div class=\"bt_bb_column_content\"><div class=\"bt_bb_column_content_inner\"><div data-bb-version=\"4.8.8\" class=\"bt_bb_separator bt_bb_border_style_none bt_bb_border_color_none bt_bb_top_spacing_none bt_bb_bottom_spacing_small\" data-bt-override-class=\"{&quot;bt_bb_top_spacing_&quot;:{&quot;current_class&quot;:&quot;bt_bb_top_spacing_none&quot;,&quot;xxl&quot;:&quot;none&quot;},&quot;bt_bb_bottom_spacing_&quot;:{&quot;current_class&quot;:&quot;bt_bb_bottom_spacing_small&quot;,&quot;xxl&quot;:&quot;small&quot;}}\"><\/div><div data-bb-version=\"4.8.8\" class=\"bt_bb_slider bt_bb_height_half_screen bt_bb_show_dots_bottom bt_bb_multiple_slides bt_bb_animation_slide animate\"><div class=\"slick-slider\"  data-slick='{ \"lazyLoad\": \"progressive\", \"cssEase\": \"ease-out\", \"speed\": \"300\", \"adaptiveHeight\": true, \"dots\": true, \"prevArrow\": \"&lt;button type=\\\"button\\\" class=\\\"slick-prev\\\" aria-label=\\\"Previous\\\" tabindex=\\\"0\\\" role=\\\"button\\\"&gt;&lt;\/button&gt;\", \"nextArrow\": \"&lt;button type=\\\"button\\\" class=\\\"slick-next\\\" aria-label=\\\"Next\\\" tabindex=\\\"0\\\" role=\\\"button\\\"&gt;&lt;\/button&gt;\",\"slidesToShow\": 1, \"autoplay\": true, \"autoplaySpeed\": 3000}' ><div class=\"bt_bb_slider_item\" style=\"background-image:url('https:\/\/www.labsl.com.br\/kids\/wp-content\/uploads\/2024\/04\/kids0005-320x240.jpg')\" data-src-full=\"https:\/\/www.labsl.com.br\/kids\/wp-content\/uploads\/2024\/04\/kids0005.jpg\"><\/div><div class=\"bt_bb_slider_item\" style=\"background-image:url('https:\/\/www.labsl.com.br\/kids\/wp-content\/uploads\/2024\/04\/kids0002-320x240.jpg')\" data-src-full=\"https:\/\/www.labsl.com.br\/kids\/wp-content\/uploads\/2024\/04\/kids0002.jpg\"><\/div><div class=\"bt_bb_slider_item\" style=\"background-image:url('https:\/\/www.labsl.com.br\/kids\/wp-content\/uploads\/2024\/04\/kids0000-1-320x240.jpg')\" data-src-full=\"https:\/\/www.labsl.com.br\/kids\/wp-content\/uploads\/2024\/04\/kids0000-1.jpg\"><\/div><div class=\"bt_bb_slider_item\" style=\"background-image:url('https:\/\/www.labsl.com.br\/kids\/wp-content\/uploads\/2024\/04\/kids0004-320x240.jpg')\" data-src-full=\"https:\/\/www.labsl.com.br\/kids\/wp-content\/uploads\/2024\/04\/kids0004.jpg\"><\/div><div class=\"bt_bb_slider_item\" style=\"background-image:url('https:\/\/www.labsl.com.br\/kids\/wp-content\/uploads\/2024\/04\/kids0001-320x240.jpg')\" data-src-full=\"https:\/\/www.labsl.com.br\/kids\/wp-content\/uploads\/2024\/04\/kids0001.jpg\"><\/div><div class=\"bt_bb_slider_item\" style=\"background-image:url('https:\/\/www.labsl.com.br\/kids\/wp-content\/uploads\/2024\/04\/kids0000-320x240.jpg')\" data-src-full=\"https:\/\/www.labsl.com.br\/kids\/wp-content\/uploads\/2024\/04\/kids0000.jpg\"><\/div><\/div><\/div><div class=\"bt_bb_separator bt_bb_border_style_none bt_bb_bottom_spacing_medium\" data-bt-override-class=\"null\"><\/div><\/div><\/div><\/div><div  class=\"bt_bb_column col-xxl-6 col-xl-6 bt_bb_vertical_align_middle bt_bb_align_left bt_bb_padding_double bt_bb_animation_fade_in animate\"  data-width=\"6\" data-bt-override-class=\"{}\"><div class=\"bt_bb_column_content\"><div class=\"bt_bb_column_content_inner\"><div class=\"bt_bb_separator bt_bb_border_style_none bt_bb_bottom_spacing_medium\" data-bt-override-class=\"null\"><\/div><header class=\"bt_bb_headline bt_bb_dash_top bt_bb_superheadline bt_bb_subheadline bt_bb_size_normal bt_bb_align_inherit\" data-bt-override-class=\"{}\"><h3 class=\"bt_bb_headline_tag\"><span class=\"bt_bb_headline_superheadline\">Ambiente preparado para crian\u00e7as<\/span><span class=\"bt_bb_headline_content\"><span>Atendimento especializado para crian\u00e7as<\/span><\/span><\/h3><div class=\"bt_bb_headline_subheadline\">Ao entrar em nosso espa\u00e7o, voc\u00ea ser\u00e1 recebido por uma decora\u00e7\u00e3o colorida e tem\u00e1tica, inspirada no mundo infantil, que ajuda a distrair e acalmar os pequenos pacientes. Nosso mobili\u00e1rio infantil \u00e9 seguro e confort\u00e1vel, adequado para crian\u00e7as de todas as idades, garantindo que elas se sintam em um espa\u00e7o feito justamente para elas.<br \/>\r\n<br \/>\r\nAl\u00e9m do conforto f\u00edsico, a equipe do S\u00e3o Lucas Kids \u00e9 treinada para atender de maneira l\u00fadica e emp\u00e1tica. Utilizamos t\u00e9cnicas para minimizar o desconforto em procedimentos, como jogos e distra\u00e7\u00f5es que tornam o processo de coleta de amostras ou aplica\u00e7\u00e3o de vacinas mais r\u00e1pido e menos intimidador.<\/div><\/header><div class=\"bt_bb_separator bt_bb_border_style_none bt_bb_bottom_spacing_normal\" data-bt-override-class=\"null\"><\/div><div class=\"bt_bb_row_wrapper\"><div  class=\"bt_bb_row_inner\"  data-bt-override-class=\"{}\"><\/div><\/div><div class=\"bt_bb_separator bt_bb_border_style_none bt_bb_bottom_spacing_medium\" data-bt-override-class=\"null\"><\/div><\/div><\/div><\/div><\/div><\/div><div class=\"bt_bb_row_wrapper\"><div  class=\"bt_bb_row\"  data-bt-override-class=\"{}\"><div  class=\"bt_bb_column col-xxl-12 col-xl-12 bt_bb_vertical_align_top bt_bb_align_left bt_bb_padding_normal\"  data-width=\"12\" data-bt-override-class=\"{}\"><div class=\"bt_bb_column_content\"><div class=\"bt_bb_column_content_inner\"><\/div><\/div><\/div><\/div><\/div><\/div><!-- cell_inner --><\/div><!-- cell --><\/div><!-- port --><\/section>","protected":false},"excerpt":{"rendered":"","protected":false},"author":2,"featured_media":0,"parent":0,"menu_order":0,"comment_status":"closed","ping_status":"closed","template":"","meta":{"footnotes":""},"class_list":["post-3239","page","type-page","status-publish","hentry"],"_links":{"self":[{"href":"https:\/\/www.labsl.com.br\/kids\/wp-json\/wp\/v2\/pages\/3239","targetHints":{"allow":["GET"]}}],"collection":[{"href":"https:\/\/www.labsl.com.br\/kids\/wp-json\/wp\/v2\/pages"}],"about":[{"href":"https:\/\/www.labsl.com.br\/kids\/wp-json\/wp\/v2\/types\/page"}],"author":[{"embeddable":true,"href":"https:\/\/www.labsl.com.br\/kids\/wp-json\/wp\/v2\/users\/2"}],"replies":[{"embeddable":true,"href":"https:\/\/www.labsl.com.br\/kids\/wp-json\/wp\/v2\/comments?post=3239"}],"version-history":[{"count":9,"href":"https:\/\/www.labsl.com.br\/kids\/wp-json\/wp\/v2\/pages\/3239\/revisions"}],"predecessor-version":[{"id":3473,"href":"https:\/\/www.labsl.com.br\/kids\/wp-json\/wp\/v2\/pages\/3239\/revisions\/3473"}],"wp:attachment":[{"href":"https:\/\/www.labsl.com.br\/kids\/wp-json\/wp\/v2\/media?parent=3239"}],"curies":[{"name":"wp","href":"https:\/\/api.w.org\/{rel}","templated":true}]}}