{"id":3607,"date":"2025-06-17T16:13:35","date_gmt":"2025-06-17T16:13:35","guid":{"rendered":"https:\/\/www.labsl.com.br\/kids\/?page_id=3607"},"modified":"2025-06-17T16:25:41","modified_gmt":"2025-06-17T16:25:41","slug":"pezinho","status":"publish","type":"page","link":"https:\/\/www.labsl.com.br\/kids\/pezinho\/","title":{"rendered":"Pezinho"},"content":{"rendered":"<section data-bb-version=\"4.8.8\" id=\"bt_bb_section69f38ac19af2b\" class=\"bt_bb_section bt_bb_color_scheme_10 bt_bb_layout_boxed_1200 bt_bb_vertical_align_top bt_bb_background_overlay_dark_solid bt_bb_bottom_section_coverage_image bt_bb_section_with_bottom_coverage_image bt_bb_top_spacing_large bt_bb_bottom_spacing_extra_large\" style=\"; --section-primary-color:#ffffff; --section-secondary-color:#1f3b64;\" data-bt-override-class=\"{&quot;bt_bb_top_spacing_&quot;:{&quot;current_class&quot;:&quot;bt_bb_top_spacing_large&quot;,&quot;xxl&quot;:&quot;large&quot;},&quot;bt_bb_bottom_spacing_&quot;:{&quot;current_class&quot;:&quot;bt_bb_bottom_spacing_extra_large&quot;,&quot;xxl&quot;:&quot;extra_large&quot;}}\"><div class=\"bt_bb_background_image_holder_wrapper\"><div class=\"bt_bb_background_image_holder btLazyLoadBackground bt_bb_parallax\"  data-background_image_src=\"https:\/\/www.labsl.com.br\/kids\/wp-content\/uploads\/2024\/04\/\u2014Pngtree\u2014children-s-day-banner_1122481.jpg\" data-parallax=\"0.7\" data-parallax-offset=\"0\" data-parallax-zoom-start=\"1\" data-parallax-zoom-end=\"1\" data-parallax-blur-start=\"0\" data-parallax-blur-end=\"0\" data-parallax-opacity-start=\"1\" data-parallax-opacity-end=\"1\" style=\" background-image: url(&#039;https:\/\/www.labsl.com.br\/kids\/wp-content\/plugins\/bold-page-builder\/img\/blank.gif&#039;);\"><\/div><\/div><div class=\"bt_bb_port\"><div class=\"bt_bb_cell\"><div class=\"bt_bb_cell_inner\"><div data-bb-version=\"4.8.8\" class=\"bt_bb_row_wrapper bt_bb_row_width_boxed_1200\"><div  class=\"bt_bb_row\"  data-bt-override-class=\"{}\"><div data-bb-version=\"4.8.8\"  class=\"bt_bb_column col-xxl-8 col-xl-8 bt_bb_vertical_align_top bt_bb_align_left bt_bb_padding_normal\"  data-width=\"8\" data-bt-override-class=\"{}\"><div class=\"bt_bb_column_content\"><div class=\"bt_bb_column_content_inner\"><header data-bb-version=\"4.8.8\" class=\"bt_bb_headline bt_bb_subheadline_text_transform_default bt_bb_dash_top bt_bb_superheadline bt_bb_subheadline bt_bb_size_large bt_bb_align_inherit\" data-bt-override-class=\"{&quot;bt_bb_size_&quot;:{&quot;current_class&quot;:&quot;bt_bb_size_large&quot;,&quot;xxl&quot;:&quot;large&quot;},&quot;bt_bb_align_&quot;:{&quot;current_class&quot;:&quot;bt_bb_align_inherit&quot;,&quot;xxl&quot;:&quot;inherit&quot;}}\"><h1 class=\"bt_bb_headline_tag\"><span class=\"bt_bb_headline_superheadline\">Teste do pezinho<\/span><span class=\"bt_bb_headline_content\"><span>Mais seguran\u00e7a e preven\u00e7\u00e3o!<\/span><\/span><\/h1><div class=\"bt_bb_headline_subheadline\">O teste do pezinho detecta doen\u00e7as que, se tratadas logo no in\u00edcio, garantem um desenvolvimento saud\u00e1vel ao beb\u00ea. No S\u00e3o Lucas Kids, usamos tecnologia de ponta e equipe especializada.<br \/>\r\n<\/div><\/header><\/div><\/div><\/div><div data-bb-version=\"4.8.8\"  class=\"bt_bb_column col-xxl-4 col-xl-4 bt_bb_vertical_align_top bt_bb_align_left bt_bb_padding_normal\"  data-width=\"4\" data-bt-override-class=\"{}\"><div class=\"bt_bb_column_content\"><div class=\"bt_bb_column_content_inner\"><\/div><\/div><\/div><\/div><\/div><\/div><!-- cell_inner --><\/div><!-- cell --><\/div><!-- port --><div class=\"bt_bb_section_bottom_section_coverage_image\"><img decoding=\"async\" src=\"https:\/\/www.labsl.com.br\/kids\/wp-content\/uploads\/2020\/04\/bottom_cover_3.png\" alt=\"bt_bb_section_bottom_section_coverage_image\" \/><\/div><\/section><section data-bb-version=\"4.8.8\" id=\"bt_bb_section69f38ac19b22c\" class=\"bt_bb_section bt_bb_layout_boxed_1200 bt_bb_vertical_align_top bt_bb_top_spacing_small bt_bb_bottom_spacing_small\"  data-bt-override-class=\"{&quot;bt_bb_top_spacing_&quot;:{&quot;current_class&quot;:&quot;bt_bb_top_spacing_small&quot;,&quot;xxl&quot;:&quot;small&quot;},&quot;bt_bb_bottom_spacing_&quot;:{&quot;current_class&quot;:&quot;bt_bb_bottom_spacing_small&quot;,&quot;xxl&quot;:&quot;small&quot;}}\"><div class=\"bt_bb_port\"><div class=\"bt_bb_cell\"><div class=\"bt_bb_cell_inner\"><div class=\"bt_bb_row_wrapper\"><div  class=\"bt_bb_row\"  data-bt-override-class=\"{}\"><div data-bb-version=\"4.8.8\"  class=\"bt_bb_column col-xxl-12 col-xl-12 col-xs-12 col-sm-12 col-md-12 col-lg-12 bt_bb_vertical_align_top bt_bb_align_left bt_bb_padding_normal\"  data-width=\"12\" data-bt-override-class=\"{}\"><div class=\"bt_bb_column_content\"><div class=\"bt_bb_column_content_inner\"><header data-bb-version=\"4.8.8\" class=\"bt_bb_headline bt_bb_font_weight_bold bt_bb_subheadline_text_transform_default bt_bb_dash_none bt_bb_size_inherit bt_bb_align_inherit\" data-bt-override-class=\"{&quot;bt_bb_size_&quot;:{&quot;current_class&quot;:&quot;bt_bb_size_inherit&quot;,&quot;xxl&quot;:&quot;inherit&quot;},&quot;bt_bb_align_&quot;:{&quot;current_class&quot;:&quot;bt_bb_align_inherit&quot;,&quot;xxl&quot;:&quot;inherit&quot;}}\"><h3 class=\"bt_bb_headline_tag\"><span class=\"bt_bb_headline_content\"><span>Perfis de triagem e o que detectam<\/span><\/span><\/h3><\/header><div data-bb-version=\"4.8.8\" class=\"bt_bb_separator bt_bb_border_style_none bt_bb_border_color_none bt_bb_top_spacing_none bt_bb_bottom_spacing_medium\" data-bt-override-class=\"{&quot;bt_bb_top_spacing_&quot;:{&quot;current_class&quot;:&quot;bt_bb_top_spacing_none&quot;,&quot;xxl&quot;:&quot;none&quot;},&quot;bt_bb_bottom_spacing_&quot;:{&quot;current_class&quot;:&quot;bt_bb_bottom_spacing_medium&quot;,&quot;xxl&quot;:&quot;medium&quot;}}\"><\/div><div data-bb-version=\"4.8.8\" class=\"bt_bb_accordion bt_bb_color_scheme_12 bt_bb_style_outline bt_bb_shape_rounded\" style=\"; --accordion-primary-color:#1f3b64; --accordion-secondary-color:#d3899d;\" data-closed=closed><div class=\"bt_bb_accordion_item btWithIcon\"><div class=\"bt_bb_accordion_item_title_content\"><span  data-ico-chemistry=\"&#xf11e;\" class=\"bt_bb_icon_holder\"><\/span><div class=\"bt_bb_accordion_item_title\">Novo Plus<\/div><\/div><div class=\"bt_bb_accordion_item_content\"><div data-bb-version=\"4.8.8\"  class=\"bt_bb_text\" >\n<ul>\n<li>\n<ul>\n<li style=\"font-weight: 400;\" aria-level=\"1\"><b>Doen\u00e7as (14):<\/b>\n<ul>\n<li style=\"font-weight: 400;\" aria-level=\"2\"><i><span style=\"font-weight: 400;\">Fenilceton\u00faria:<\/span><\/i><span style=\"font-weight: 400;\"> ac\u00famulo de fenilalanina, pode causar dano cerebral.<\/span><span style=\"font-weight: 400;\"><br \/>\n<\/span><\/li>\n<li style=\"font-weight: 400;\" aria-level=\"2\"><i><span style=\"font-weight: 400;\">Hipotireoidismo cong\u00eanito:<\/span><\/i><span style=\"font-weight: 400;\"> baixa tireoide, atrasa desenvolvimento.<\/span><span style=\"font-weight: 400;\"><br \/>\n<\/span><\/li>\n<li style=\"font-weight: 400;\" aria-level=\"2\"><i><span style=\"font-weight: 400;\">Fibrose c\u00edstica:<\/span><\/i><span style=\"font-weight: 400;\"> problemas respirat\u00f3rios\/digestivos.<\/span><span style=\"font-weight: 400;\"><br \/>\n<\/span><\/li>\n<li style=\"font-weight: 400;\" aria-level=\"2\"><i><span style=\"font-weight: 400;\">Galactosemia:<\/span><\/i><span style=\"font-weight: 400;\"> n\u00e3o processa a\u00e7\u00facar do leite, afeta f\u00edgado e c\u00e9rebro.<\/span><span style=\"font-weight: 400;\"><br \/>\n<\/span><\/li>\n<li style=\"font-weight: 400;\" aria-level=\"2\"><i><span style=\"font-weight: 400;\">Defici\u00eancia de biotinidase:<\/span><\/i><span style=\"font-weight: 400;\"> falta de enzima, risco neurol\u00f3gico (trat\u00e1vel).<\/span><span style=\"font-weight: 400;\"><br \/>\n<\/span><\/li>\n<li style=\"font-weight: 400;\" aria-level=\"2\"><i><span style=\"font-weight: 400;\">Defici\u00eancia de G6PD:<\/span><\/i><span style=\"font-weight: 400;\"> anemia hemol\u00edtica sob certos est\u00edmulos.<\/span><span style=\"font-weight: 400;\"><br \/>\n<\/span><\/li>\n<li style=\"font-weight: 400;\" aria-level=\"2\"><i><span style=\"font-weight: 400;\">Toxoplasmose cong\u00eanita:<\/span><\/i><span style=\"font-weight: 400;\"> pode comprometer vis\u00e3o\/audi\u00e7\u00e3o.<\/span><span style=\"font-weight: 400;\"><br \/>\n<\/span><\/li>\n<li style=\"font-weight: 400;\" aria-level=\"2\"><i><span style=\"font-weight: 400;\">Hiperplasia adrenal cong\u00eanita, aminoacidopatias, dist\u00farbios do ciclo da ureia, SCID\/AGAMA, AME 5q<\/span><\/i><\/li>\n<\/ul>\n<\/li>\n<\/ul>\n<p><b>Prazo:<\/b><span style=\"font-weight: 400;\"> 4 dias \u00fateis<\/span><\/li>\n<\/ul>\n<\/div>\n<\/div><\/div><div class=\"bt_bb_accordion_item btWithIcon\"><div class=\"bt_bb_accordion_item_title_content\"><span  data-ico-chemistry=\"&#xf11e;\" class=\"bt_bb_icon_holder\"><\/span><div class=\"bt_bb_accordion_item_title\">Ampliado Novo<\/div><\/div><div class=\"bt_bb_accordion_item_content\"><div data-bb-version=\"4.8.8\"  class=\"bt_bb_text\" >\n<ul>\n<li><b>Doen\u00e7as (34):<\/b><span style=\"font-weight: 400;\"> inclui perfil b\u00e1sico + imunodefici\u00eancias e dist\u00farbios metab\u00f3licos adicionais.<br \/>\n<\/span><span style=\"font-weight: 400;\"><br \/>\n<\/span><span style=\"font-weight: 400;\"><b>Prazo:<\/b> 5 dias \u00fateis<\/span><\/li>\n<\/ul>\n<\/div>\n<\/div><\/div><div class=\"bt_bb_accordion_item btWithIcon\"><div class=\"bt_bb_accordion_item_title_content\"><span  data-ico-chemistry=\"&#xf11e;\" class=\"bt_bb_icon_holder\"><\/span><div class=\"bt_bb_accordion_item_title\">Ampliado<\/div><\/div><div class=\"bt_bb_accordion_item_content\"><div data-bb-version=\"4.8.8\"  class=\"bt_bb_text\" >\n<ul>\n<li><b>Doen\u00e7as (59):<\/b><span style=\"font-weight: 400;\"> adiciona hemoglobinopatias, dist\u00farbios da beta-oxida\u00e7\u00e3o e outros.<br \/>\n<\/span><span style=\"font-weight: 400;\"><br \/>\n<strong>Prazo:<\/strong> 5 dias \u00fateis<\/span><\/li>\n<\/ul>\n<\/div>\n<\/div><\/div><div class=\"bt_bb_accordion_item btWithIcon\"><div class=\"bt_bb_accordion_item_title_content\"><span  data-ico-chemistry=\"&#xf11e;\" class=\"bt_bb_icon_holder\"><\/span><div class=\"bt_bb_accordion_item_title\">Novo Master<\/div><\/div><div class=\"bt_bb_accordion_item_content\"><div data-bb-version=\"4.8.8\"  class=\"bt_bb_text\" >\n<ul>\n<li><span style=\"font-weight: 400;\"><b>Doen\u00e7as (92):<\/b> inclui infec\u00e7\u00f5es cong\u00eanitas (CMV, HIV-1) e doen\u00e7as neurometab\u00f3licas graves.<br \/>\n<\/span><span style=\"font-weight: 400;\"><br \/>\n<strong>Prazo:<\/strong> 5 dias \u00fateis<\/span><\/li>\n<\/ul>\n<\/div>\n<\/div><\/div><div class=\"bt_bb_accordion_item btWithIcon\"><div class=\"bt_bb_accordion_item_title_content\"><span  data-ico-chemistry=\"&#xf11e;\" class=\"bt_bb_icon_holder\"><\/span><div class=\"bt_bb_accordion_item_title\">Novo Expandido<\/div><\/div><div class=\"bt_bb_accordion_item_content\"><div data-bb-version=\"4.8.8\"  class=\"bt_bb_text\" >\n<ul>\n<li><span style=\"font-weight: 400;\"><b>Doen\u00e7as (94):<\/b> testes inflamat\u00f3rios e gen\u00e9ticos adicionais.<br \/>\n<\/span><span style=\"font-weight: 400;\"><br \/>\n<strong>Prazo:<\/strong> 7 dias \u00fateis<\/span><\/li>\n<\/ul>\n<\/div>\n<\/div><\/div><div class=\"bt_bb_accordion_item btWithIcon\"><div class=\"bt_bb_accordion_item_title_content\"><span  data-ico-chemistry=\"&#xf11e;\" class=\"bt_bb_icon_holder\"><\/span><div class=\"bt_bb_accordion_item_title\">Nova Era<\/div><\/div><div class=\"bt_bb_accordion_item_content\"><div data-bb-version=\"4.8.8\"  class=\"bt_bb_text\" >\n<ul>\n<li><span style=\"font-weight: 400;\"><b>Doen\u00e7as (&gt;300):<\/b> triagem bioqu\u00edmica e gen\u00e9tica avan\u00e7ada, incluindo AME e imunodefici\u00eancias raras.<br \/>\n<\/span><span style=\"font-weight: 400;\"><br \/>\n<strong>Prazo:<\/strong> 11 dias \u00fateis<\/span><\/li>\n<\/ul>\n<\/div>\n<\/div><\/div><\/div><div data-bb-version=\"4.8.8\" class=\"bt_bb_separator bt_bb_border_style_none bt_bb_border_color_none bt_bb_top_spacing_none bt_bb_bottom_spacing_normal\" data-bt-override-class=\"{&quot;bt_bb_top_spacing_&quot;:{&quot;current_class&quot;:&quot;bt_bb_top_spacing_none&quot;,&quot;xxl&quot;:&quot;none&quot;},&quot;bt_bb_bottom_spacing_&quot;:{&quot;current_class&quot;:&quot;bt_bb_bottom_spacing_normal&quot;,&quot;xxl&quot;:&quot;normal&quot;}}\"><\/div><\/div><\/div><\/div><\/div><\/div><\/div><!-- cell_inner --><\/div><!-- cell --><\/div><!-- port --><\/section>","protected":false},"excerpt":{"rendered":"","protected":false},"author":1,"featured_media":0,"parent":0,"menu_order":0,"comment_status":"closed","ping_status":"closed","template":"","meta":{"footnotes":""},"class_list":["post-3607","page","type-page","status-publish","hentry"],"_links":{"self":[{"href":"https:\/\/www.labsl.com.br\/kids\/wp-json\/wp\/v2\/pages\/3607","targetHints":{"allow":["GET"]}}],"collection":[{"href":"https:\/\/www.labsl.com.br\/kids\/wp-json\/wp\/v2\/pages"}],"about":[{"href":"https:\/\/www.labsl.com.br\/kids\/wp-json\/wp\/v2\/types\/page"}],"author":[{"embeddable":true,"href":"https:\/\/www.labsl.com.br\/kids\/wp-json\/wp\/v2\/users\/1"}],"replies":[{"embeddable":true,"href":"https:\/\/www.labsl.com.br\/kids\/wp-json\/wp\/v2\/comments?post=3607"}],"version-history":[{"count":4,"href":"https:\/\/www.labsl.com.br\/kids\/wp-json\/wp\/v2\/pages\/3607\/revisions"}],"predecessor-version":[{"id":3611,"href":"https:\/\/www.labsl.com.br\/kids\/wp-json\/wp\/v2\/pages\/3607\/revisions\/3611"}],"wp:attachment":[{"href":"https:\/\/www.labsl.com.br\/kids\/wp-json\/wp\/v2\/media?parent=3607"}],"curies":[{"name":"wp","href":"https:\/\/api.w.org\/{rel}","templated":true}]}}